{"id":313,"date":"2022-03-02T21:59:14","date_gmt":"2022-03-02T21:59:14","guid":{"rendered":"https:\/\/procesavo.com\/politique-de-confidentialite\/"},"modified":"2022-03-02T21:59:14","modified_gmt":"2022-03-02T21:59:14","slug":"politique-de-confidentialite","status":"publish","type":"page","link":"https:\/\/procesavo.com\/fr\/politique-de-confidentialite\/","title":{"rendered":"Politique de confidentialit\u00e9"},"content":{"rendered":"<h3><strong>AVIS DE CONFIDENTIALIT\u00c9<\/strong><\/h3>\n<p>Conform\u00e9ment aux dispositions de la Loi f\u00e9d\u00e9rale sur la protection des donn\u00e9es personnelles d\u00e9tenues par des personnes priv\u00e9es, PROCESAVO SA DE CV met \u00e0 disposition l&rsquo;avis de confidentialit\u00e9 suivant.<\/p>\n<p>PROCESAVO SA DE CV, est responsable de l&rsquo;utilisation et de la protection de vos donn\u00e9es personnelles, en ce sens et conform\u00e9ment aux obligations l\u00e9gales \u00e9tablies dans la loi f\u00e9d\u00e9rale sur la protection des donn\u00e9es personnelles d\u00e9tenues par des parties priv\u00e9es, \u00e0 travers cet instrument informe les propri\u00e9taires des donn\u00e9es, les informations qu&rsquo;ils sont collect\u00e9s et les fins qui seront donn\u00e9s \u00e0 ces informations.<\/p>\n<p>En plus de ce qui pr\u00e9c\u00e8de, nous vous informons que PROCESAVO SA DE CV, a son si\u00e8ge social au :<br \/>\nAvda. Ec\u00f3nomos 6383, Local A, Col. Rinconada del parque.<br \/>\nZapopan, 45010, Jalisco, Mexique.<\/p>\n<p>Vos donn\u00e9es personnelles seront utilis\u00e9es aux fins suivantes, qui sont n\u00e9cessaires dans le cadre de notre relation avec vous, ainsi que pour ex\u00e9cuter les services et\/ou les commandes que vous demandez : Pour vous contacter directement.<\/p>\n<p>Pour r\u00e9aliser les objectifs d\u00e9crits dans le pr\u00e9sent avis de confidentialit\u00e9, nous utiliserons les donn\u00e9es personnelles suivantes : nom, t\u00e9l\u00e9phone, courriel et soci\u00e9t\u00e9.<\/p>\n<p>En outre, nous vous informons que vos donn\u00e9es personnelles ne seront pas partag\u00e9es avec une autorit\u00e9, une entreprise, une organisation ou une personne autre que nous et qu&rsquo;elles seront utilis\u00e9es exclusivement aux fins indiqu\u00e9es.<\/p>\n<p>Vous avez le droit de savoir \u00e0 tout moment quelles sont les donn\u00e9es personnelles que nous d\u00e9tenons \u00e0 votre sujet, \u00e0 quelles fins nous les utilisons et dans quelles conditions nous les utilisons (Accedo). De m\u00eame, vous avez le droit de demander la correction de vos informations personnelles si elles sont p\u00e9rim\u00e9es, inexactes ou incompl\u00e8tes (Rectification) ; de m\u00eame, vous avez le droit de faire supprimer vos informations de nos dossiers ou bases de donn\u00e9es lorsque vous consid\u00e9rez qu&rsquo;elles ne sont pas utilis\u00e9es correctement (Annulation) ; ainsi que de vous opposer \u00e0 l&rsquo;utilisation de vos informations personnelles \u00e0 des fins sp\u00e9cifiques (Opposition). Ces droits sont connus sous le nom de droits ARCO.<\/p>\n<p>Ce qui pr\u00e9c\u00e8de permet \u00e9galement de conna\u00eetre la proc\u00e9dure et les conditions requises pour l&rsquo;exercice des droits ARCO. Toutefois, la demande d&rsquo;exercice de ces droits doit contenir les informations suivantes : PROCESAVO SA DE CV<\/p>\n<p>La r\u00e9ponse \u00e0 la demande sera donn\u00e9e dans un d\u00e9lai de 5 jours ouvrables et sera communiqu\u00e9e comme suit : Par voie \u00e9lectronique<\/p>\n<p>Les coordonn\u00e9es de la personne ou du service en charge des donn\u00e9es personnelles, qui est en charge du traitement des demandes de droits ARCO, sont les suivantes :<br \/>\nResponsable : info@procesavo.com<br \/>\nAdresse : Avda. Ec\u00f3nomos 6383, Local A, Col. Rinconada del parque.<br \/>\nZapopan, 45010, Jalisco, Mexique.<br \/>\nT\u00e9l\u00e9phone : +52 33 1865 3711<\/p>\n<p>Il convient de mentionner que vous pouvez r\u00e9voquer votre consentement \u00e0 l&rsquo;utilisation de vos donn\u00e9es personnelles \u00e0 tout moment. De m\u00eame, vous pouvez r\u00e9voquer tout consentement que vous nous auriez donn\u00e9 pour le traitement de vos donn\u00e9es personnelles.<\/p>\n<p>Vous devez \u00e9galement tenir compte du fait qu&rsquo;\u00e0 certaines fins, le retrait de votre consentement signifiera que nous ne serons plus en mesure de fournir le service que vous nous avez demand\u00e9, ou que votre relation avec nous prendra fin.<\/p>\n<p>Pour r\u00e9voquer le consentement que vous accordez dans cet acte pour limiter sa divulgation, vous devez soumettre la demande respective \u00e0 travers les formulaires qui seront \u00e0 votre disposition dans :<br \/>\nAvda. Ec\u00f3nomos 6383, Local A, Col. Rinconada del parque.<br \/>\nZapopan, 45010, Jalisco, Mexique.<\/p>\n<p>Vous pouvez \u00e9galement demander des informations sur la proc\u00e9dure et les conditions requises pour r\u00e9voquer le consentement et limiter l&rsquo;utilisation et la divulgation de vos informations personnelles.<\/p>\n<p>En tout \u00e9tat de cause, la r\u00e9ponse aux demandes sera communiqu\u00e9e dans le d\u00e9lai suivant : 5 jours ouvrables.<\/p>\n<p>Nous nous engageons \u00e0 vous tenir inform\u00e9 de toute modification de notre mod\u00e8le d&rsquo;entreprise et\/ou du pr\u00e9sent avis de confidentialit\u00e9. Toutefois, vous pouvez demander \u00e0 savoir si cet avis de confidentialit\u00e9 a \u00e9t\u00e9 modifi\u00e9 \u00e0 l&rsquo;adresse \u00e9lectronique suivante : www.procesavo.com.<\/p>\n<p>Derni\u00e8re mise \u00e0 jour : 13 d\u00e9cembre 2021<\/p>\n","protected":false},"excerpt":{"rendered":"<p>AVIS DE CONFIDENTIALIT\u00c9 Conform\u00e9ment aux dispositions de la Loi f\u00e9d\u00e9rale sur la protection des donn\u00e9es personnelles d\u00e9tenues par des personnes priv\u00e9es, PROCESAVO SA DE CV met \u00e0 disposition l&rsquo;avis de&#8230;<\/p>\n","protected":false},"author":1,"featured_media":0,"parent":0,"menu_order":0,"comment_status":"closed","ping_status":"open","template":"","meta":{"footnotes":""},"class_list":["post-313","page","type-page","status-publish"],"yoast_head":"<!-- This site is optimized with the Yoast SEO plugin v19.11 - https:\/\/yoast.com\/wordpress\/plugins\/seo\/ -->\n<title>Politique de confidentialit\u00e9 - Procesavo<\/title>\n<meta name=\"robots\" content=\"index, follow, max-snippet:-1, max-image-preview:large, max-video-preview:-1\" \/>\n<link rel=\"canonical\" href=\"https:\/\/procesavo.com\/politique-de-confidentialite\/\" \/>\n<meta property=\"og:locale\" content=\"fr_FR\" \/>\n<meta property=\"og:type\" content=\"article\" \/>\n<meta property=\"og:title\" content=\"Politique de confidentialit\u00e9 - Procesavo\" \/>\n<meta property=\"og:description\" content=\"AVIS DE CONFIDENTIALIT\u00c9 Conform\u00e9ment aux dispositions de la Loi f\u00e9d\u00e9rale sur la protection des donn\u00e9es personnelles d\u00e9tenues par des personnes priv\u00e9es, PROCESAVO SA DE CV met \u00e0 disposition l&rsquo;avis de...\" \/>\n<meta property=\"og:url\" content=\"https:\/\/procesavo.com\/politique-de-confidentialite\/\" \/>\n<meta property=\"og:site_name\" content=\"Procesavo\" \/>\n<meta name=\"twitter:card\" content=\"summary_large_image\" \/>\n<meta name=\"twitter:label1\" content=\"Dur\u00e9e de lecture estim\u00e9e\" \/>\n\t<meta name=\"twitter:data1\" content=\"3 minutes\" \/>\n<script type=\"application\/ld+json\" class=\"yoast-schema-graph\">{\"@context\":\"https:\/\/schema.org\",\"@graph\":[{\"@type\":\"WebPage\",\"@id\":\"https:\/\/procesavo.com\/politique-de-confidentialite\/\",\"url\":\"https:\/\/procesavo.com\/politique-de-confidentialite\/\",\"name\":\"Politique de confidentialit\u00e9 - Procesavo\",\"isPartOf\":{\"@id\":\"https:\/\/procesavo.com\/#website\"},\"datePublished\":\"2022-03-02T21:59:14+00:00\",\"dateModified\":\"2022-03-02T21:59:14+00:00\",\"breadcrumb\":{\"@id\":\"https:\/\/procesavo.com\/politique-de-confidentialite\/#breadcrumb\"},\"inLanguage\":\"fr-FR\",\"potentialAction\":[{\"@type\":\"ReadAction\",\"target\":[\"https:\/\/procesavo.com\/politique-de-confidentialite\/\"]}]},{\"@type\":\"BreadcrumbList\",\"@id\":\"https:\/\/procesavo.com\/politique-de-confidentialite\/#breadcrumb\",\"itemListElement\":[{\"@type\":\"ListItem\",\"position\":1,\"name\":\"Portada\",\"item\":\"https:\/\/procesavo.com\/fr\/\"},{\"@type\":\"ListItem\",\"position\":2,\"name\":\"Politique de confidentialit\u00e9\"}]},{\"@type\":\"WebSite\",\"@id\":\"https:\/\/procesavo.com\/#website\",\"url\":\"https:\/\/procesavo.com\/\",\"name\":\"Procesavo\",\"description\":\"Queremos la pulpa de tu aguacate\",\"publisher\":{\"@id\":\"https:\/\/procesavo.com\/#organization\"},\"potentialAction\":[{\"@type\":\"SearchAction\",\"target\":{\"@type\":\"EntryPoint\",\"urlTemplate\":\"https:\/\/procesavo.com\/?s={search_term_string}\"},\"query-input\":\"required name=search_term_string\"}],\"inLanguage\":\"fr-FR\"},{\"@type\":\"Organization\",\"@id\":\"https:\/\/procesavo.com\/#organization\",\"name\":\"The Sustainable Cereal\",\"url\":\"https:\/\/procesavo.com\/\",\"logo\":{\"@type\":\"ImageObject\",\"inLanguage\":\"fr-FR\",\"@id\":\"https:\/\/procesavo.com\/#\/schema\/logo\/image\/\",\"url\":\"https:\/\/thesustainablecereal.com\/wp-content\/uploads\/2022\/05\/logo-color.png\",\"contentUrl\":\"https:\/\/thesustainablecereal.com\/wp-content\/uploads\/2022\/05\/logo-color.png\",\"width\":664,\"height\":180,\"caption\":\"The Sustainable Cereal\"},\"image\":{\"@id\":\"https:\/\/procesavo.com\/#\/schema\/logo\/image\/\"},\"sameAs\":[\"https:\/\/www.linkedin.com\/company\/thesustainablecereal\/\"]}]}<\/script>\n<!-- \/ Yoast SEO plugin. -->","yoast_head_json":{"title":"Politique de confidentialit\u00e9 - Procesavo","robots":{"index":"index","follow":"follow","max-snippet":"max-snippet:-1","max-image-preview":"max-image-preview:large","max-video-preview":"max-video-preview:-1"},"canonical":"https:\/\/procesavo.com\/politique-de-confidentialite\/","og_locale":"fr_FR","og_type":"article","og_title":"Politique de confidentialit\u00e9 - Procesavo","og_description":"AVIS DE CONFIDENTIALIT\u00c9 Conform\u00e9ment aux dispositions de la Loi f\u00e9d\u00e9rale sur la protection des donn\u00e9es personnelles d\u00e9tenues par des personnes priv\u00e9es, PROCESAVO SA DE CV met \u00e0 disposition l&rsquo;avis de...","og_url":"https:\/\/procesavo.com\/politique-de-confidentialite\/","og_site_name":"Procesavo","twitter_card":"summary_large_image","twitter_misc":{"Dur\u00e9e de lecture estim\u00e9e":"3 minutes"},"schema":{"@context":"https:\/\/schema.org","@graph":[{"@type":"WebPage","@id":"https:\/\/procesavo.com\/politique-de-confidentialite\/","url":"https:\/\/procesavo.com\/politique-de-confidentialite\/","name":"Politique de confidentialit\u00e9 - Procesavo","isPartOf":{"@id":"https:\/\/procesavo.com\/#website"},"datePublished":"2022-03-02T21:59:14+00:00","dateModified":"2022-03-02T21:59:14+00:00","breadcrumb":{"@id":"https:\/\/procesavo.com\/politique-de-confidentialite\/#breadcrumb"},"inLanguage":"fr-FR","potentialAction":[{"@type":"ReadAction","target":["https:\/\/procesavo.com\/politique-de-confidentialite\/"]}]},{"@type":"BreadcrumbList","@id":"https:\/\/procesavo.com\/politique-de-confidentialite\/#breadcrumb","itemListElement":[{"@type":"ListItem","position":1,"name":"Portada","item":"https:\/\/procesavo.com\/fr\/"},{"@type":"ListItem","position":2,"name":"Politique de confidentialit\u00e9"}]},{"@type":"WebSite","@id":"https:\/\/procesavo.com\/#website","url":"https:\/\/procesavo.com\/","name":"Procesavo","description":"Queremos la pulpa de tu aguacate","publisher":{"@id":"https:\/\/procesavo.com\/#organization"},"potentialAction":[{"@type":"SearchAction","target":{"@type":"EntryPoint","urlTemplate":"https:\/\/procesavo.com\/?s={search_term_string}"},"query-input":"required name=search_term_string"}],"inLanguage":"fr-FR"},{"@type":"Organization","@id":"https:\/\/procesavo.com\/#organization","name":"The Sustainable Cereal","url":"https:\/\/procesavo.com\/","logo":{"@type":"ImageObject","inLanguage":"fr-FR","@id":"https:\/\/procesavo.com\/#\/schema\/logo\/image\/","url":"https:\/\/thesustainablecereal.com\/wp-content\/uploads\/2022\/05\/logo-color.png","contentUrl":"https:\/\/thesustainablecereal.com\/wp-content\/uploads\/2022\/05\/logo-color.png","width":664,"height":180,"caption":"The Sustainable Cereal"},"image":{"@id":"https:\/\/procesavo.com\/#\/schema\/logo\/image\/"},"sameAs":["https:\/\/www.linkedin.com\/company\/thesustainablecereal\/"]}]}},"_links":{"self":[{"href":"https:\/\/procesavo.com\/fr\/wp-json\/wp\/v2\/pages\/313","targetHints":{"allow":["GET"]}}],"collection":[{"href":"https:\/\/procesavo.com\/fr\/wp-json\/wp\/v2\/pages"}],"about":[{"href":"https:\/\/procesavo.com\/fr\/wp-json\/wp\/v2\/types\/page"}],"author":[{"embeddable":true,"href":"https:\/\/procesavo.com\/fr\/wp-json\/wp\/v2\/users\/1"}],"replies":[{"embeddable":true,"href":"https:\/\/procesavo.com\/fr\/wp-json\/wp\/v2\/comments?post=313"}],"version-history":[{"count":0,"href":"https:\/\/procesavo.com\/fr\/wp-json\/wp\/v2\/pages\/313\/revisions"}],"wp:attachment":[{"href":"https:\/\/procesavo.com\/fr\/wp-json\/wp\/v2\/media?parent=313"}],"curies":[{"name":"wp","href":"https:\/\/api.w.org\/{rel}","templated":true}]}}